{"id":157,"date":"2014-05-13T12:34:27","date_gmt":"2014-05-13T15:34:27","guid":{"rendered":"http:\/\/sites.usp.brpadrao2\/?page_id=157"},"modified":"2026-05-04T10:40:39","modified_gmt":"2026-05-04T13:40:39","slug":"docentes","status":"publish","type":"page","link":"https:\/\/ppgee.poli.usp.br\/pb\/programas\/docentes\/","title":{"rendered":"Docentes"},"content":{"rendered":"<p>Listas de Docentes por \u00e1rea de Concentra\u00e7\u00e3o:<\/p>\n<ul>\n<li><a href=\"https:\/\/uspdigital.usp.br\/janus\/Orientadores?codare=3139\" target=\"_blank\" rel=\"noopener\">Engenharia de Sistemas (3139)<\/a><\/li>\n<li><a href=\"https:\/\/uspdigital.usp.br\/janus\/Orientadores?codare=3140\" target=\"_blank\" rel=\"noopener\">Microeletr\u00f4nica (3140)<\/a><\/li>\n<li><a href=\"https:\/\/uspdigital.usp.br\/janus\/Orientadores?codare=3141\" target=\"_blank\" rel=\"noopener\">Engenharia de Computa\u00e7\u00e3o (3141)<\/a><\/li>\n<li><a href=\"https:\/\/uspdigital.usp.br\/janus\/Orientadores?codare=3142\" target=\"_blank\" rel=\"noopener\">Sistemas Eletr\u00f4nicos (3142)<\/a><\/li>\n<li><a href=\"https:\/\/uspdigital.usp.br\/janus\/Orientadores?codare=3143\" target=\"_blank\" rel=\"noopener\">Sistemas de Pot\u00eancia (3143)<\/a><\/li>\n<li><a href=\"https:\/\/uspdigital.usp.br\/janus\/Orientadores?codare=3154\" target=\"_blank\" rel=\"noopener\">Engenharia Biom\u00e9dica (3154)<\/a><\/li>\n<\/ul>\n<p>","protected":false},"excerpt":{"rendered":"<p>Listas de Docentes por \u00e1rea de Concentra\u00e7\u00e3o: Engenharia de Sistemas (3139) Microeletr\u00f4nica (3140) Engenharia de [&hellip;]<\/p>\n","protected":false},"author":1,"featured_media":0,"parent":10,"menu_order":7,"comment_status":"closed","ping_status":"closed","template":"","meta":{"_monsterinsights_skip_tracking":false,"_monsterinsights_sitenote_active":false,"_monsterinsights_sitenote_note":"","_monsterinsights_sitenote_category":0,"footnotes":"","_links_to":"","_links_to_target":""},"categories":[],"tags":[],"class_list":["post-157","page","type-page","status-publish","hentry"],"_links":{"self":[{"href":"https:\/\/ppgee.poli.usp.br\/pb\/wp-json\/wp\/v2\/pages\/157","targetHints":{"allow":["GET"]}}],"collection":[{"href":"https:\/\/ppgee.poli.usp.br\/pb\/wp-json\/wp\/v2\/pages"}],"about":[{"href":"https:\/\/ppgee.poli.usp.br\/pb\/wp-json\/wp\/v2\/types\/page"}],"author":[{"embeddable":true,"href":"https:\/\/ppgee.poli.usp.br\/pb\/wp-json\/wp\/v2\/users\/1"}],"replies":[{"embeddable":true,"href":"https:\/\/ppgee.poli.usp.br\/pb\/wp-json\/wp\/v2\/comments?post=157"}],"version-history":[{"count":5,"href":"https:\/\/ppgee.poli.usp.br\/pb\/wp-json\/wp\/v2\/pages\/157\/revisions"}],"predecessor-version":[{"id":7092,"href":"https:\/\/ppgee.poli.usp.br\/pb\/wp-json\/wp\/v2\/pages\/157\/revisions\/7092"}],"up":[{"embeddable":true,"href":"https:\/\/ppgee.poli.usp.br\/pb\/wp-json\/wp\/v2\/pages\/10"}],"wp:attachment":[{"href":"https:\/\/ppgee.poli.usp.br\/pb\/wp-json\/wp\/v2\/media?parent=157"}],"wp:term":[{"taxonomy":"category","embeddable":true,"href":"https:\/\/ppgee.poli.usp.br\/pb\/wp-json\/wp\/v2\/categories?post=157"},{"taxonomy":"post_tag","embeddable":true,"href":"https:\/\/ppgee.poli.usp.br\/pb\/wp-json\/wp\/v2\/tags?post=157"}],"curies":[{"name":"wp","href":"https:\/\/api.w.org\/{rel}","templated":true}]}}