{"id":147,"date":"2014-05-13T12:31:52","date_gmt":"2014-05-13T15:31:52","guid":{"rendered":"http:\/\/sites.usp.brpadrao2\/?page_id=147"},"modified":"2018-06-28T10:45:31","modified_gmt":"2018-06-28T13:45:31","slug":"bibliotecas","status":"publish","type":"page","link":"https:\/\/ppgee.poli.usp.br\/pb\/programas\/bibliotecas\/","title":{"rendered":"Bibliotecas"},"content":{"rendered":"<p><a href=\"http:\/\/www3.poli.usp.br\/pt\/bibliotecas.html\" target=\"_blank\"><img loading=\"lazy\" decoding=\"async\" class=\"size-full wp-image-1869 aligncenter\" style=\"border: 3px solid #c8c8c8;padding: 2px\" src=\"http:\/\/ppgee.poli.usp.br\/wp-content\/uploads\/sites\/92\/2014\/05\/photodune-2074204-the-library-s.jpg\" alt=\"Shelves full of books in a library.\" width=\"700\" height=\"488\" \/><\/a><\/p>\n<div style=\"border: 1px solid #c8c8c8;padding: 15px;width: 680px;margin-left: 15px;text-align: justify\">O\u00a0Sistema Integrado de Bibliotecas da USP (SIBiUSP)\u00a0\u00e9 composto por 48 bibliotecas.<br \/>\nA biblioteca &#8220;Prof. Dr. Luiz de Queiroz Orsini&#8221;, dedicada \u00e0 \u00e1rea de Engenharia El\u00e9trica, juntamente com outras oito bibliotecas, integra a Divis\u00e3o de Bibliotecas da Escola Polit\u00e9cnica, sendo estas dedicadas \u00e0s diversas \u00e1reas da Engenharia. Dada a sua localiza\u00e7\u00e3o, o aluno do PPGEE da EPUSP tem acesso direto ao vasto acervo da Biblioteca &#8220;Prof. Dr. Luiz de Queiroz Orsini&#8221;, que \u00e9 constitu\u00eddo por mais de:<\/p>\n<ul>\n<li>20.192\u00a0volumes de livros;<\/li>\n<li>866\u00a0t\u00edtulos correntes de peri\u00f3dicos;<\/li>\n<li>3.752\u00a0teses e disserta\u00e7\u00f5es;<\/li>\n<li>684\u00a0multimeios (cd-rom, dvd e fitas de v\u00eddeo), e<\/li>\n<li>2.010\u00a0trabalhos de conclus\u00e3o de curso de gradua\u00e7\u00e3o e especializa\u00e7\u00e3o.<\/li>\n<\/ul>\n<p>Esta biblioteca possui uma \u00e1rea \u00fatil superior a 954 m2, contando com:<\/p>\n<ul>\n<li>10 salas de estudo individual;<\/li>\n<li>15 salas de estudo em grupo;<\/li>\n<li>2 salas individuais de pesquisas;<\/li>\n<li>73 lugares junto ao acervo.<\/li>\n<\/ul>\n<p style=\"text-align: justify\">A biblioteca possui computadores com acesso \u00e0 Internet, para a realiza\u00e7\u00e3o de consultas a bases de dados, a revistas eletr\u00f4nicas e demais recursos on-line, como o Portal de Peri\u00f3dicos da Capes; e disp\u00f5e de audit\u00f3rio pr\u00f3prio com capacidade para 18 lugares e sistema multim\u00eddia.<img loading=\"lazy\" decoding=\"async\" class=\"size-full wp-image-1846 alignright\" src=\"http:\/\/ppgee.poli.usp.br\/wp-content\/uploads\/sites\/92\/2016\/02\/photodune-1664465-books-s.jpg\" alt=\"Books isolated on white\" width=\"150\" height=\"176\" \/><\/p>\n<p style=\"text-align: justify\">Dentre os recursos disponibilizados pelo SIBiUSP destaca-se o Portal de Busca Integrada que\u00a0permite ao aluno a busca e descoberta de todos os recursos do SIBiUSP em suas m\u00faltiplas bibliotecas nos diversos Campi, sendo que\u00a0 a identifica\u00e7\u00e3o no sistema permite armazenamento e gerenciamento de buscas, consulta de localiza\u00e7\u00e3o e disponibilidade de recurso, realiza\u00e7\u00e3o de reservas, al\u00e9m de renova\u00e7\u00e3o de empr\u00e9stimos e visualiza\u00e7\u00e3o de hist\u00f3ricos de empr\u00e9stimos.<\/p>\n<p style=\"text-align: justify\">O SIBiUSP tamb\u00e9m inclui em sua Biblioteca Virtual, um portal de revistas eletr\u00f4nicas assinadas pela USP, um portal de livros eletr\u00f4nicos e um portal de revistas editadas pelas v\u00e1rias unidades da USP. O SIBiUSP tamb\u00e9m mant\u00e9m a Biblioteca Digital de Produ\u00e7\u00e3o Intelectual (<a style=\"color: #008ba1\" title=\"www.producao.usp.br\" href=\"http:\/\/www.producao.usp.br\/\" target=\"_blank\">www.producao.usp.br<\/a>), que consiste de um reposit\u00f3rio de artigos produzidos na USP.<\/p>\n<\/div>\n<p><\/p>","protected":false},"excerpt":{"rendered":"<p>O\u00a0Sistema Integrado de Bibliotecas da USP (SIBiUSP)\u00a0\u00e9 composto por 48 bibliotecas. A biblioteca &#8220;Prof. Dr. [&hellip;]<\/p>\n","protected":false},"author":1,"featured_media":0,"parent":10,"menu_order":7,"comment_status":"closed","ping_status":"closed","template":"","meta":{"_monsterinsights_skip_tracking":false,"_monsterinsights_sitenote_active":false,"_monsterinsights_sitenote_note":"","_monsterinsights_sitenote_category":0,"footnotes":"","_links_to":"","_links_to_target":""},"categories":[],"tags":[],"class_list":["post-147","page","type-page","status-publish","hentry"],"_links":{"self":[{"href":"https:\/\/ppgee.poli.usp.br\/pb\/wp-json\/wp\/v2\/pages\/147","targetHints":{"allow":["GET"]}}],"collection":[{"href":"https:\/\/ppgee.poli.usp.br\/pb\/wp-json\/wp\/v2\/pages"}],"about":[{"href":"https:\/\/ppgee.poli.usp.br\/pb\/wp-json\/wp\/v2\/types\/page"}],"author":[{"embeddable":true,"href":"https:\/\/ppgee.poli.usp.br\/pb\/wp-json\/wp\/v2\/users\/1"}],"replies":[{"embeddable":true,"href":"https:\/\/ppgee.poli.usp.br\/pb\/wp-json\/wp\/v2\/comments?post=147"}],"version-history":[{"count":6,"href":"https:\/\/ppgee.poli.usp.br\/pb\/wp-json\/wp\/v2\/pages\/147\/revisions"}],"predecessor-version":[{"id":2223,"href":"https:\/\/ppgee.poli.usp.br\/pb\/wp-json\/wp\/v2\/pages\/147\/revisions\/2223"}],"up":[{"embeddable":true,"href":"https:\/\/ppgee.poli.usp.br\/pb\/wp-json\/wp\/v2\/pages\/10"}],"wp:attachment":[{"href":"https:\/\/ppgee.poli.usp.br\/pb\/wp-json\/wp\/v2\/media?parent=147"}],"wp:term":[{"taxonomy":"category","embeddable":true,"href":"https:\/\/ppgee.poli.usp.br\/pb\/wp-json\/wp\/v2\/categories?post=147"},{"taxonomy":"post_tag","embeddable":true,"href":"https:\/\/ppgee.poli.usp.br\/pb\/wp-json\/wp\/v2\/tags?post=147"}],"curies":[{"name":"wp","href":"https:\/\/api.w.org\/{rel}","templated":true}]}}