{"id":115,"date":"2014-04-28T16:28:49","date_gmt":"2014-04-28T19:28:49","guid":{"rendered":"http:\/\/sites.usp.brprp\/?page_id=115"},"modified":"2026-01-14T18:14:06","modified_gmt":"2026-01-14T21:14:06","slug":"contato","status":"publish","type":"page","link":"https:\/\/ppgee.poli.usp.br\/pb\/contato\/","title":{"rendered":"Contato"},"content":{"rendered":"<p><\/p>\n<table style=\"background: #ECECEC\">\n<tbody>\n<tr>\n<td style=\"border: 1px solid #c0c0c0;text-align: left\">\n<div style=\"background: white\">\n<p><img loading=\"lazy\" decoding=\"async\" class=\"aligncenter wp-image-1849\" src=\"http:\/\/ppgee.poli.usp.br\/wp-content\/uploads\/sites\/92\/2016\/02\/photodune-10177798-contact-us-s.jpg\" alt=\"\" width=\"600\" height=\"450\" srcset=\"https:\/\/ppgee.poli.usp.br\/wp-content\/uploads\/sites\/92\/2016\/02\/photodune-10177798-contact-us-s.jpg 894w, https:\/\/ppgee.poli.usp.br\/wp-content\/uploads\/sites\/92\/2016\/02\/photodune-10177798-contact-us-s-300x225.jpg 300w, https:\/\/ppgee.poli.usp.br\/wp-content\/uploads\/sites\/92\/2016\/02\/photodune-10177798-contact-us-s-80x60.jpg 80w, https:\/\/ppgee.poli.usp.br\/wp-content\/uploads\/sites\/92\/2016\/02\/photodune-10177798-contact-us-s-400x300.jpg 400w\" sizes=\"auto, (max-width: 600px) 100vw, 600px\" \/><\/p>\n<\/div>\n<div>\n<p><span style=\"color: #008080\"><strong>Endere\u00e7o:<\/strong><\/span><\/p>\n<p>Secretaria do Programa de P\u00f3s-Gradua\u00e7\u00e3o em Engenharia El\u00e9trica<br \/>\nAv. Professor Luciano Gualberto, travessa 3, 158<br \/>\nPr\u00e9dio da Engenharia El\u00e9trica (T\u00e9rreo, Bloco B)<br \/>\n05508-010 &#8211; Cidade Universit\u00e1ria &#8211; S\u00e3o Paulo-SP &#8211; Brasil<\/p>\n<\/div>\n<p><span style=\"color: #008ba1\"><strong>Respons\u00e1veis:<\/strong><\/span><\/p>\n<ul>\n<li>Elisabete A. A. F. Melo<\/li>\n<li>Mara Lucia P. de Brito<\/li>\n<li>Maria Dilma A. da SIlva<\/li>\n<li>Rafael B. Mosna<\/li>\n<li>Rosemeire A. da Silva Cruz<\/li>\n<\/ul>\n<p>&nbsp;<\/p>\n<p><span style=\"color: #008ba1\"><strong>Hor\u00e1rios de Atendimento:<\/strong><\/span><\/p>\n<p>Segunda a Sexta, das 10h00 \u00e0s 17h00.<\/p>\n<p><span style=\"color: #008ba1\"><strong>Telefone:<\/strong><\/span><\/p>\n<p>+55(11) 3091-5733<\/p>\n<p><span style=\"color: #008ba1\"><strong>E-<span style=\"color: #008080\">mail<\/span>:<\/strong><\/span><\/p>\n<p>posgrad.eletrica.poli@usp.br<\/p>\n<p><span style=\"color: #008080\"><strong>Como chegar:<\/strong><\/span><\/p>\n<p><a href=\"https:\/\/maps.app.goo.gl\/8qu3Ec5LA4eiDtxy7\" target=\"_blank\" rel=\"noopener\">https:\/\/maps.app.goo.gl\/8qu3Ec5LA4eiDtxy7<\/a><\/p>\n<\/td>\n<\/tr>\n<\/tbody>\n<\/table>\n<p>&nbsp;<\/p>","protected":false},"excerpt":{"rendered":"<p>Endere\u00e7o: Secretaria do Programa de P\u00f3s-Gradua\u00e7\u00e3o em Engenharia El\u00e9trica Av. Professor Luciano Gualberto, travessa 3, [&hellip;]<\/p>\n","protected":false},"author":179,"featured_media":0,"parent":0,"menu_order":9,"comment_status":"closed","ping_status":"closed","template":"","meta":{"_monsterinsights_skip_tracking":false,"_monsterinsights_sitenote_active":false,"_monsterinsights_sitenote_note":"","_monsterinsights_sitenote_category":0,"footnotes":"","_links_to":"","_links_to_target":""},"categories":[],"tags":[],"class_list":["post-115","page","type-page","status-publish","hentry"],"_links":{"self":[{"href":"https:\/\/ppgee.poli.usp.br\/pb\/wp-json\/wp\/v2\/pages\/115","targetHints":{"allow":["GET"]}}],"collection":[{"href":"https:\/\/ppgee.poli.usp.br\/pb\/wp-json\/wp\/v2\/pages"}],"about":[{"href":"https:\/\/ppgee.poli.usp.br\/pb\/wp-json\/wp\/v2\/types\/page"}],"author":[{"embeddable":true,"href":"https:\/\/ppgee.poli.usp.br\/pb\/wp-json\/wp\/v2\/users\/179"}],"replies":[{"embeddable":true,"href":"https:\/\/ppgee.poli.usp.br\/pb\/wp-json\/wp\/v2\/comments?post=115"}],"version-history":[{"count":5,"href":"https:\/\/ppgee.poli.usp.br\/pb\/wp-json\/wp\/v2\/pages\/115\/revisions"}],"predecessor-version":[{"id":6976,"href":"https:\/\/ppgee.poli.usp.br\/pb\/wp-json\/wp\/v2\/pages\/115\/revisions\/6976"}],"wp:attachment":[{"href":"https:\/\/ppgee.poli.usp.br\/pb\/wp-json\/wp\/v2\/media?parent=115"}],"wp:term":[{"taxonomy":"category","embeddable":true,"href":"https:\/\/ppgee.poli.usp.br\/pb\/wp-json\/wp\/v2\/categories?post=115"},{"taxonomy":"post_tag","embeddable":true,"href":"https:\/\/ppgee.poli.usp.br\/pb\/wp-json\/wp\/v2\/tags?post=115"}],"curies":[{"name":"wp","href":"https:\/\/api.w.org\/{rel}","templated":true}]}}