{"id":159,"date":"2014-05-13T12:34:53","date_gmt":"2014-05-13T15:34:53","guid":{"rendered":"http:\/\/sites.usp.brpadrao2\/?page_id=159"},"modified":"2019-11-05T11:33:38","modified_gmt":"2019-11-05T14:33:38","slug":"areas-de-concentracao","status":"publish","type":"page","link":"http:\/\/ppgee.poli.usp.br\/pb\/programas\/areas-de-concentracao\/","title":{"rendered":"\u00c1reas de Concentra\u00e7\u00e3o"},"content":{"rendered":"<p><\/p>\n<p style=\"text-align: center;\">\n<div style=\"border: 1px solid #c8c8c8; padding: 15px; width: 680px; margin-left: 15px;\">\n<p style=\"text-align: center;\"><strong>\u00c1rea 3139 &#8211;\u00a0<a style=\"color: #008ba1;\" href=\"\/\/ppgee.poli.usp.br\/programas\/areas-de-concentracao\/engenharia-de-sistemas\">Engenharia de Sistemas<\/a><\/strong><\/p>\n<\/div>\n<div style=\"border: 1px solid #c8c8c8; padding: 15px; width: 680px; margin-left: 15px;\">\n<p style=\"text-align: center;\"><strong>\u00c1rea 3140 &#8211; <a style=\"color: #008ba1;\" href=\"\/\/ppgee.poli.usp.br\/programas\/areas-de-concentracao\/microeletronica\">Microeletr\u00f4nica<\/a><\/strong><\/p>\n<\/div>\n<div style=\"border: 1px solid #c8c8c8; padding: 15px; width: 680px; margin-left: 15px;\">\n<p style=\"text-align: center;\"><strong>\u00c1rea 3141 \u2013\u00a0<a style=\"color: #008ba1;\" href=\"\/\/ppgee.poli.usp.br\/programas\/areas-de-concentracao\/engenharia-de-computacao\">Engenharia de Computa\u00e7\u00e3o<\/a><\/strong><\/p>\n<\/div>\n<div style=\"border: 1px solid #c8c8c8; padding: 15px; width: 680px; margin-left: 15px;\">\n<p style=\"text-align: center;\"><strong>\u00c1rea 3142 \u2013\u00a0<a style=\"color: #008ba1;\" href=\"\/\/ppgee.poli.usp.br\/programas\/areas-de-concentracao\/sistemas-eletronicos\">Sistemas Eletr\u00f4nicos<\/a><\/strong><\/p>\n<\/div>\n<div style=\"border: 1px solid #c8c8c8; padding: 15px; width: 680px; margin-left: 15px;\">\n<p style=\"text-align: center;\"><strong>\u00c1rea 3143 \u2013\u00a0<a style=\"color: #008ba1;\" href=\"\/\/ppgee.poli.usp.br\/programas\/areas-de-concentracao\/sistemas-de-potencia\">Sistemas de Pot\u00eancia<\/a><\/strong><\/p>\n<\/div>\n<div style=\"border: 1px solid #c8c8c8; padding: 15px; width: 680px; margin-left: 15px;\">\n<p style=\"text-align: center;\"><strong>\u00c1rea 3154 \u2013\u00a0<a style=\"color: #008ba1;\" href=\"\/\/ppgee.poli.usp.br\/programas\/areas-de-concentracao\/engenharia-biomedica\">Engenharia Biom\u00e9dica<\/a><\/strong><\/p>\n<\/div>\n<p><\/p>","protected":false},"excerpt":{"rendered":"<p>\u00c1rea 3139 &#8211;\u00a0Engenharia de Sistemas \u00c1rea 3140 &#8211; Microeletr\u00f4nica \u00c1rea 3141 \u2013\u00a0Engenharia de Computa\u00e7\u00e3o \u00c1rea [&hellip;]<\/p>\n","protected":false},"author":1,"featured_media":1967,"parent":10,"menu_order":7,"comment_status":"closed","ping_status":"closed","template":"","meta":{"_monsterinsights_skip_tracking":false,"_monsterinsights_sitenote_active":false,"_monsterinsights_sitenote_note":"","_monsterinsights_sitenote_category":0,"footnotes":"","_links_to":"","_links_to_target":""},"categories":[],"tags":[],"class_list":["post-159","page","type-page","status-publish","has-post-thumbnail","hentry"],"_links":{"self":[{"href":"http:\/\/ppgee.poli.usp.br\/pb\/wp-json\/wp\/v2\/pages\/159","targetHints":{"allow":["GET"]}}],"collection":[{"href":"http:\/\/ppgee.poli.usp.br\/pb\/wp-json\/wp\/v2\/pages"}],"about":[{"href":"http:\/\/ppgee.poli.usp.br\/pb\/wp-json\/wp\/v2\/types\/page"}],"author":[{"embeddable":true,"href":"http:\/\/ppgee.poli.usp.br\/pb\/wp-json\/wp\/v2\/users\/1"}],"replies":[{"embeddable":true,"href":"http:\/\/ppgee.poli.usp.br\/pb\/wp-json\/wp\/v2\/comments?post=159"}],"version-history":[{"count":4,"href":"http:\/\/ppgee.poli.usp.br\/pb\/wp-json\/wp\/v2\/pages\/159\/revisions"}],"predecessor-version":[{"id":3683,"href":"http:\/\/ppgee.poli.usp.br\/pb\/wp-json\/wp\/v2\/pages\/159\/revisions\/3683"}],"up":[{"embeddable":true,"href":"http:\/\/ppgee.poli.usp.br\/pb\/wp-json\/wp\/v2\/pages\/10"}],"wp:featuredmedia":[{"embeddable":true,"href":"http:\/\/ppgee.poli.usp.br\/pb\/wp-json\/wp\/v2\/media\/1967"}],"wp:attachment":[{"href":"http:\/\/ppgee.poli.usp.br\/pb\/wp-json\/wp\/v2\/media?parent=159"}],"wp:term":[{"taxonomy":"category","embeddable":true,"href":"http:\/\/ppgee.poli.usp.br\/pb\/wp-json\/wp\/v2\/categories?post=159"},{"taxonomy":"post_tag","embeddable":true,"href":"http:\/\/ppgee.poli.usp.br\/pb\/wp-json\/wp\/v2\/tags?post=159"}],"curies":[{"name":"wp","href":"https:\/\/api.w.org\/{rel}","templated":true}]}}